{"id":261,"date":"2023-12-06T23:25:44","date_gmt":"2023-12-06T23:25:44","guid":{"rendered":"https:\/\/legranel.mx\/chihuahua\/?post_type=product&#038;p=261"},"modified":"2023-12-06T23:25:44","modified_gmt":"2023-12-06T23:25:44","slug":"serum-de-acido-hialuronico","status":"publish","type":"product","link":"https:\/\/legranel.mx\/chihuahua\/producto\/serum-de-acido-hialuronico\/","title":{"rendered":"Ser\u00fam de \u00e1cido hialur\u00f3nico"},"content":{"rendered":"","protected":false},"excerpt":{"rendered":"","protected":false},"featured_media":262,"template":"","meta":[],"product_cat":[64],"product_tag":[],"class_list":["post-261","product","type-product","status-publish","has-post-thumbnail","hentry","product_cat-cuidado-de-la-cara"],"_links":{"self":[{"href":"https:\/\/legranel.mx\/chihuahua\/wp-json\/wp\/v2\/product\/261","targetHints":{"allow":["GET"]}}],"collection":[{"href":"https:\/\/legranel.mx\/chihuahua\/wp-json\/wp\/v2\/product"}],"about":[{"href":"https:\/\/legranel.mx\/chihuahua\/wp-json\/wp\/v2\/types\/product"}],"wp:featuredmedia":[{"embeddable":true,"href":"https:\/\/legranel.mx\/chihuahua\/wp-json\/wp\/v2\/media\/262"}],"wp:attachment":[{"href":"https:\/\/legranel.mx\/chihuahua\/wp-json\/wp\/v2\/media?parent=261"}],"wp:term":[{"taxonomy":"product_cat","embeddable":true,"href":"https:\/\/legranel.mx\/chihuahua\/wp-json\/wp\/v2\/product_cat?post=261"},{"taxonomy":"product_tag","embeddable":true,"href":"https:\/\/legranel.mx\/chihuahua\/wp-json\/wp\/v2\/product_tag?post=261"}],"curies":[{"name":"wp","href":"https:\/\/api.w.org\/{rel}","templated":true}]}}